{"id":1042,"date":"2020-07-28T14:37:13","date_gmt":"2020-07-28T12:37:13","guid":{"rendered":"https:\/\/hopeful-hodgkin.109-235-78-20.plesk.page\/?page_id=1042"},"modified":"2026-02-23T12:06:52","modified_gmt":"2026-02-23T11:06:52","slug":"hausregeln-leuchtturm-von-texel","status":"publish","type":"page","link":"https:\/\/vuurtorentexel.nl\/de\/hausregeln-leuchtturm-von-texel\/","title":{"rendered":"Hausregeln Leuchtturm von Texel"},"content":{"rendered":"<p><strong>Bei Vuurtoren Texel legen wir Wert darauf, dass jeder das Museum angenehm und sicher genie\u00dfen kann. Deshalb haben wir Hausregeln f\u00fcr Besucher aufgestellt. Diese finden Sie hier \u00fcbersichtlich aufgelistet.<\/strong><\/p>\n<ul>\n<li>Reservieren Sie im Voraus einen Zeitfenster \u00fcber die Website und kommen Sie p\u00fcnktlich (innerhalb der Stunde des Zeitfensters)<\/li>\n<li>Wir bitten Besucher, den Leuchtturm in angemessener Kleidung und festem Schuhwerk zu besuchen; das Tragen von Zehensandalen oder Badeschuhen und Badebekleidung ist nicht gestattet.<\/li>\n<li>Kinder unter 13 Jahren sind in Begleitung eines Erwachsenen im Leuchtturm willkommen.<\/li>\n<li>Rennen und Schreien sind sowohl im Leuchtturm als auch auf dem Au\u00dfengel\u00e4nde nicht gestattet.<\/li>\n<li>Bollerwagen, Laufr\u00e4der und (Stunt-)Roller d\u00fcrfen nicht mit in den Leuchtturm genommen werden; im Erdgeschoss gibt es Platz, um diese auf eigene Gefahr abzustellen.<\/li>\n<li>Die Besucher sind verpflichtet, sorgf\u00e4ltig mit unserer Sammlung, dem Geb\u00e4ude und dem Au\u00dfenbereich umzugehen; Sch\u00e4den, die durch Besucher verursacht werden, unterliegen deren Haftung.<\/li>\n<li>Deutlich erkennbare, zertifizierte Assistenzhunde sind im Museum willkommen, andere Tiere nicht.<\/li>\n<li>Besucher, die sich nicht selbstst\u00e4ndig im Museum bewegen k\u00f6nnen, d\u00fcrfen gegen Vorlage einer g\u00fcltigen Begleiterkarte oder \u00e4rztlichen Attests eine Begleitperson kostenlos mitbringen.<\/li>\n<li>Das Essen und Trinken ist im Leuchtturm nicht gestattet.<\/li>\n<li>Der gesamte Leuchtturm und das Au\u00dfengel\u00e4nde sind rauchfrei, auch E-Zigaretten sind nicht erlaubt.<\/li>\n<li>Haben Sie etwas im Museum verloren? Wir bewahren Fundsachen maximal 2 Monate lang auf.<\/li>\n<li>Sowohl im Museum als auch auf dem Au\u00dfengel\u00e4nde gibt es eine Kamera\u00fcberwachung, die Aufnahmen werden von Vuurtoren Texel vor\u00fcbergehend gespeichert.<\/li>\n<li>Befolgen Sie bitte stets die Anweisungen des Personals.<\/li>\n<\/ul>\n<p>Haben Sie Fragen, die hier nicht beantwortet werden? Werfen Sie einen Blick auf die Seite mit den <a href=\"https:\/\/vuurtorentexel.nl\/de\/haeufig-gestellte-fragen\/\" target=\"_blank\" rel=\"noopener noreferrer\">h\u00e4ufig gestellten Fragen<\/a>. Wenn Ihre Frage dort nicht aufgef\u00fchrt ist, k\u00f6nnen Sie sie per E-Mail (info@vuurtorentexel.nl) oder per Telefon (0222-317741) stellen.<\/p>\n","protected":false},"excerpt":{"rendered":"<p>Bei Vuurtoren Texel legen wir Wert darauf, dass jeder das Museum angenehm und sicher genie\u00dfen kann. Deshalb haben wir Hausregeln f\u00fcr Besucher aufgestellt. Diese finden&#8230;<\/p>\n","protected":false},"author":12,"featured_media":904,"parent":0,"menu_order":3,"comment_status":"closed","ping_status":"closed","template":"","meta":{"_acf_changed":false,"footnotes":""},"class_list":["post-1042","page","type-page","status-publish","has-post-thumbnail","hentry"],"acf":[],"yoast_head":"<!-- This site is optimized with the Yoast SEO plugin v27.3 - https:\/\/yoast.com\/product\/yoast-seo-wordpress\/ -->\n<title>Hausregeln Leuchtturm von Texel - Vuurtoren Texel<\/title>\n<meta name=\"description\" content=\"Wir hei\u00dfen Sie beim Leuchtturm von Texel herzlich willkommen. Um allen einen sicheren und angenehmen Besuch zu garantieren, gelten eine Reihe von Regeln.\" \/>\n<meta name=\"robots\" content=\"index, follow, max-snippet:-1, max-image-preview:large, max-video-preview:-1\" \/>\n<link rel=\"canonical\" href=\"https:\/\/vuurtorentexel.nl\/de\/hausregeln-leuchtturm-von-texel\/\" \/>\n<meta property=\"og:locale\" content=\"de_DE\" \/>\n<meta property=\"og:type\" content=\"article\" \/>\n<meta property=\"og:title\" content=\"Hausregeln Leuchtturm von Texel - Vuurtoren Texel\" \/>\n<meta property=\"og:description\" content=\"Wir hei\u00dfen Sie beim Leuchtturm von Texel herzlich willkommen. Um allen einen sicheren und angenehmen Besuch zu garantieren, gelten eine Reihe von Regeln.\" \/>\n<meta property=\"og:url\" content=\"https:\/\/vuurtorentexel.nl\/de\/hausregeln-leuchtturm-von-texel\/\" \/>\n<meta property=\"og:site_name\" content=\"Vuurtoren Texel\" \/>\n<meta property=\"article:modified_time\" content=\"2026-02-23T11:06:52+00:00\" \/>\n<meta property=\"og:image\" content=\"https:\/\/vuurtorentexel.nl\/wp-content\/uploads\/2019\/08\/SDW_9652-scaled.jpg\" \/>\n\t<meta property=\"og:image:width\" content=\"2750\" \/>\n\t<meta property=\"og:image:height\" content=\"1719\" \/>\n\t<meta property=\"og:image:type\" content=\"image\/jpeg\" \/>\n<meta name=\"twitter:card\" content=\"summary_large_image\" \/>\n<meta name=\"twitter:label1\" content=\"Est. reading time\" \/>\n\t<meta name=\"twitter:data1\" content=\"2 minutes\" \/>\n<script type=\"application\/ld+json\" class=\"yoast-schema-graph\">{\"@context\":\"https:\\\/\\\/schema.org\",\"@graph\":[{\"@type\":\"WebPage\",\"@id\":\"https:\\\/\\\/vuurtorentexel.nl\\\/de\\\/hausregeln-leuchtturm-von-texel\\\/\",\"url\":\"https:\\\/\\\/vuurtorentexel.nl\\\/de\\\/hausregeln-leuchtturm-von-texel\\\/\",\"name\":\"Hausregeln Leuchtturm von Texel - Vuurtoren Texel\",\"isPartOf\":{\"@id\":\"https:\\\/\\\/vuurtorentexel.nl\\\/de\\\/#website\"},\"primaryImageOfPage\":{\"@id\":\"https:\\\/\\\/vuurtorentexel.nl\\\/de\\\/hausregeln-leuchtturm-von-texel\\\/#primaryimage\"},\"image\":{\"@id\":\"https:\\\/\\\/vuurtorentexel.nl\\\/de\\\/hausregeln-leuchtturm-von-texel\\\/#primaryimage\"},\"thumbnailUrl\":\"https:\\\/\\\/vuurtorentexel.nl\\\/wp-content\\\/uploads\\\/2019\\\/08\\\/SDW_9652-scaled.jpg\",\"datePublished\":\"2020-07-28T12:37:13+00:00\",\"dateModified\":\"2026-02-23T11:06:52+00:00\",\"description\":\"Wir hei\u00dfen Sie beim Leuchtturm von Texel herzlich willkommen. Um allen einen sicheren und angenehmen Besuch zu garantieren, gelten eine Reihe von Regeln.\",\"breadcrumb\":{\"@id\":\"https:\\\/\\\/vuurtorentexel.nl\\\/de\\\/hausregeln-leuchtturm-von-texel\\\/#breadcrumb\"},\"inLanguage\":\"de-DE\",\"potentialAction\":[{\"@type\":\"ReadAction\",\"target\":[\"https:\\\/\\\/vuurtorentexel.nl\\\/de\\\/hausregeln-leuchtturm-von-texel\\\/\"]}]},{\"@type\":\"ImageObject\",\"inLanguage\":\"de-DE\",\"@id\":\"https:\\\/\\\/vuurtorentexel.nl\\\/de\\\/hausregeln-leuchtturm-von-texel\\\/#primaryimage\",\"url\":\"https:\\\/\\\/vuurtorentexel.nl\\\/wp-content\\\/uploads\\\/2019\\\/08\\\/SDW_9652-scaled.jpg\",\"contentUrl\":\"https:\\\/\\\/vuurtorentexel.nl\\\/wp-content\\\/uploads\\\/2019\\\/08\\\/SDW_9652-scaled.jpg\",\"width\":2750,\"height\":1719},{\"@type\":\"BreadcrumbList\",\"@id\":\"https:\\\/\\\/vuurtorentexel.nl\\\/de\\\/hausregeln-leuchtturm-von-texel\\\/#breadcrumb\",\"itemListElement\":[{\"@type\":\"ListItem\",\"position\":1,\"name\":\"Home\",\"item\":\"https:\\\/\\\/vuurtorentexel.nl\\\/de\\\/\"},{\"@type\":\"ListItem\",\"position\":2,\"name\":\"Hausregeln Leuchtturm von Texel\"}]},{\"@type\":\"WebSite\",\"@id\":\"https:\\\/\\\/vuurtorentexel.nl\\\/de\\\/#website\",\"url\":\"https:\\\/\\\/vuurtorentexel.nl\\\/de\\\/\",\"name\":\"Vuurtoren Texel\",\"description\":\"\",\"potentialAction\":[{\"@type\":\"SearchAction\",\"target\":{\"@type\":\"EntryPoint\",\"urlTemplate\":\"https:\\\/\\\/vuurtorentexel.nl\\\/de\\\/?s={search_term_string}\"},\"query-input\":{\"@type\":\"PropertyValueSpecification\",\"valueRequired\":true,\"valueName\":\"search_term_string\"}}],\"inLanguage\":\"de-DE\"}]}<\/script>\n<!-- \/ Yoast SEO plugin. -->","yoast_head_json":{"title":"Hausregeln Leuchtturm von Texel - Vuurtoren Texel","description":"Wir hei\u00dfen Sie beim Leuchtturm von Texel herzlich willkommen. Um allen einen sicheren und angenehmen Besuch zu garantieren, gelten eine Reihe von Regeln.","robots":{"index":"index","follow":"follow","max-snippet":"max-snippet:-1","max-image-preview":"max-image-preview:large","max-video-preview":"max-video-preview:-1"},"canonical":"https:\/\/vuurtorentexel.nl\/de\/hausregeln-leuchtturm-von-texel\/","og_locale":"de_DE","og_type":"article","og_title":"Hausregeln Leuchtturm von Texel - Vuurtoren Texel","og_description":"Wir hei\u00dfen Sie beim Leuchtturm von Texel herzlich willkommen. Um allen einen sicheren und angenehmen Besuch zu garantieren, gelten eine Reihe von Regeln.","og_url":"https:\/\/vuurtorentexel.nl\/de\/hausregeln-leuchtturm-von-texel\/","og_site_name":"Vuurtoren Texel","article_modified_time":"2026-02-23T11:06:52+00:00","og_image":[{"width":2750,"height":1719,"url":"https:\/\/vuurtorentexel.nl\/wp-content\/uploads\/2019\/08\/SDW_9652-scaled.jpg","type":"image\/jpeg"}],"twitter_card":"summary_large_image","twitter_misc":{"Est. reading time":"2 minutes"},"schema":{"@context":"https:\/\/schema.org","@graph":[{"@type":"WebPage","@id":"https:\/\/vuurtorentexel.nl\/de\/hausregeln-leuchtturm-von-texel\/","url":"https:\/\/vuurtorentexel.nl\/de\/hausregeln-leuchtturm-von-texel\/","name":"Hausregeln Leuchtturm von Texel - Vuurtoren Texel","isPartOf":{"@id":"https:\/\/vuurtorentexel.nl\/de\/#website"},"primaryImageOfPage":{"@id":"https:\/\/vuurtorentexel.nl\/de\/hausregeln-leuchtturm-von-texel\/#primaryimage"},"image":{"@id":"https:\/\/vuurtorentexel.nl\/de\/hausregeln-leuchtturm-von-texel\/#primaryimage"},"thumbnailUrl":"https:\/\/vuurtorentexel.nl\/wp-content\/uploads\/2019\/08\/SDW_9652-scaled.jpg","datePublished":"2020-07-28T12:37:13+00:00","dateModified":"2026-02-23T11:06:52+00:00","description":"Wir hei\u00dfen Sie beim Leuchtturm von Texel herzlich willkommen. Um allen einen sicheren und angenehmen Besuch zu garantieren, gelten eine Reihe von Regeln.","breadcrumb":{"@id":"https:\/\/vuurtorentexel.nl\/de\/hausregeln-leuchtturm-von-texel\/#breadcrumb"},"inLanguage":"de-DE","potentialAction":[{"@type":"ReadAction","target":["https:\/\/vuurtorentexel.nl\/de\/hausregeln-leuchtturm-von-texel\/"]}]},{"@type":"ImageObject","inLanguage":"de-DE","@id":"https:\/\/vuurtorentexel.nl\/de\/hausregeln-leuchtturm-von-texel\/#primaryimage","url":"https:\/\/vuurtorentexel.nl\/wp-content\/uploads\/2019\/08\/SDW_9652-scaled.jpg","contentUrl":"https:\/\/vuurtorentexel.nl\/wp-content\/uploads\/2019\/08\/SDW_9652-scaled.jpg","width":2750,"height":1719},{"@type":"BreadcrumbList","@id":"https:\/\/vuurtorentexel.nl\/de\/hausregeln-leuchtturm-von-texel\/#breadcrumb","itemListElement":[{"@type":"ListItem","position":1,"name":"Home","item":"https:\/\/vuurtorentexel.nl\/de\/"},{"@type":"ListItem","position":2,"name":"Hausregeln Leuchtturm von Texel"}]},{"@type":"WebSite","@id":"https:\/\/vuurtorentexel.nl\/de\/#website","url":"https:\/\/vuurtorentexel.nl\/de\/","name":"Vuurtoren Texel","description":"","potentialAction":[{"@type":"SearchAction","target":{"@type":"EntryPoint","urlTemplate":"https:\/\/vuurtorentexel.nl\/de\/?s={search_term_string}"},"query-input":{"@type":"PropertyValueSpecification","valueRequired":true,"valueName":"search_term_string"}}],"inLanguage":"de-DE"}]}},"_links":{"self":[{"href":"https:\/\/vuurtorentexel.nl\/de\/wp-json\/wp\/v2\/pages\/1042","targetHints":{"allow":["GET"]}}],"collection":[{"href":"https:\/\/vuurtorentexel.nl\/de\/wp-json\/wp\/v2\/pages"}],"about":[{"href":"https:\/\/vuurtorentexel.nl\/de\/wp-json\/wp\/v2\/types\/page"}],"author":[{"embeddable":true,"href":"https:\/\/vuurtorentexel.nl\/de\/wp-json\/wp\/v2\/users\/12"}],"replies":[{"embeddable":true,"href":"https:\/\/vuurtorentexel.nl\/de\/wp-json\/wp\/v2\/comments?post=1042"}],"version-history":[{"count":5,"href":"https:\/\/vuurtorentexel.nl\/de\/wp-json\/wp\/v2\/pages\/1042\/revisions"}],"predecessor-version":[{"id":1898,"href":"https:\/\/vuurtorentexel.nl\/de\/wp-json\/wp\/v2\/pages\/1042\/revisions\/1898"}],"wp:featuredmedia":[{"embeddable":true,"href":"https:\/\/vuurtorentexel.nl\/de\/wp-json\/wp\/v2\/media\/904"}],"wp:attachment":[{"href":"https:\/\/vuurtorentexel.nl\/de\/wp-json\/wp\/v2\/media?parent=1042"}],"curies":[{"name":"wp","href":"https:\/\/api.w.org\/{rel}","templated":true}]}}