{"id":1064,"date":"2020-11-04T16:23:47","date_gmt":"2020-11-04T15:23:47","guid":{"rendered":"https:\/\/hopeful-hodgkin.109-235-78-20.plesk.page\/?page_id=1064"},"modified":"2022-02-24T17:04:41","modified_gmt":"2022-02-24T16:04:41","slug":"haeufig-gestellte-fragen","status":"publish","type":"page","link":"https:\/\/vuurtorentexel.nl\/de\/haeufig-gestellte-fragen\/","title":{"rendered":"H\u00e4ufig gestellte Fragen"},"content":{"rendered":"<h3>Achtung: f\u00fcr Ihren Besuch ben\u00f6tigen Sie ein <a href=\"https:\/\/texelsmuseum.combiv2.ticketcounter.eu\/de-DE\/tickets?journey=vuurtoren\" target=\"_blank\" rel=\"noopener\">Online-Ticket mit Zeitfenster<\/a>.<\/h3>\n<ul>\n<li><strong>Muss ich f\u00fcr ein Kind unter f\u00fcnf Jahren auch ein Zeitfenster kaufen?<\/strong><\/li>\n<\/ul>\n<p>Nein, das ist nicht n\u00f6tig. Kinder bis einschlie\u00dflich 4 Jahre sind kostenlos und gehen im Zeitfenster der Gesellschaft, zu der sie geh\u00f6ren, mit.<\/p>\n<ul>\n<li><strong>Wie lange ist meine Eintrittskarte g\u00fcltig?<\/strong><\/li>\n<\/ul>\n<p>Sie haben eine Stunde Zeit, um den Turm zu besteigen. Sie k\u00f6nnen jederzeit innerhalb der Stunde Ihres Zeitfensters kommen. Das Ende Ihres Zeitfensters ist der Zeitpunkt, an dem wir erwarten, dass Sie gegangen sind. Auf diese Weise vermeiden wir einen zu gro\u00dfen Andrang.<\/p>\n<ul>\n<li><strong>Ich kann nicht online bezahlen. Wie kann ich dann eine Eintrittskarte kaufen?<\/strong><\/li>\n<\/ul>\n<p>Sie k\u00f6nnen an der Kasse fragen ob es noch freie Zeitfenstern gibt.<\/p>\n<ul>\n<li><strong>Ich habe eine Eintrittskarte gekauft, aber ich bin erkrankt \/ jemand in meiner Gesellschaft ist erkrankt. Was soll ich tun?<\/strong><\/li>\n<\/ul>\n<p>Wenn Sie selber oder jemand aus Ihrer Gesellschaft erkrankt oder nicht gesund sind, k\u00f6nnen Sie nicht kommen. Kontaktieren Sie den Ticketschalter \u00fcber die Telefonnummer in Ihrer Best\u00e4tigungsemail. F\u00fcr eine Stornierung wird eine Verwaltungsgeb\u00fchr von \u20ac 2,50 erhoben.<\/p>\n<ul>\n<li><strong>Ich habe eine Eintrittskarte gekauft, aber die Zeit passt nicht mehr. Kann ich sie \u00e4ndern?<\/strong><\/li>\n<\/ul>\n<p>Ja, das geht bis 24 Stunden davor. Auf Ihrer Eintrittskarte steht ein Link, den Sie daf\u00fcr verwenden k\u00f6nnen.<\/p>\n<p>Wenn Ihre Frage hier nicht aufgef\u00fchrt ist, k\u00f6nnen Sie sie per E-Mail (info@vuurtorentexel.nl) oder per Telefon (0222-317741) stellen.<\/p>\n","protected":false},"excerpt":{"rendered":"<p>Achtung: f\u00fcr Ihren Besuch ben\u00f6tigen Sie ein Online-Ticket mit Zeitfenster. Muss ich f\u00fcr ein Kind unter f\u00fcnf Jahren auch ein Zeitfenster kaufen? Nein, das ist&#8230;<\/p>\n","protected":false},"author":12,"featured_media":904,"parent":0,"menu_order":4,"comment_status":"closed","ping_status":"closed","template":"","meta":{"_acf_changed":false,"footnotes":""},"class_list":["post-1064","page","type-page","status-publish","has-post-thumbnail","hentry"],"acf":[],"yoast_head":"<!-- This site is optimized with the Yoast SEO plugin v27.3 - https:\/\/yoast.com\/product\/yoast-seo-wordpress\/ -->\n<title>H\u00e4ufig gestellte Fragen - Vuurtoren Texel<\/title>\n<meta name=\"description\" content=\"Hier lesen Sie die am h\u00e4ufigsten gestellten Fragen \u00fcber die Corona-Ma\u00dfnahmen.\" \/>\n<meta name=\"robots\" content=\"index, follow, max-snippet:-1, max-image-preview:large, max-video-preview:-1\" \/>\n<link rel=\"canonical\" href=\"https:\/\/vuurtorentexel.nl\/de\/haeufig-gestellte-fragen\/\" \/>\n<meta property=\"og:locale\" content=\"de_DE\" \/>\n<meta property=\"og:type\" content=\"article\" \/>\n<meta property=\"og:title\" content=\"H\u00e4ufig gestellte Fragen - Vuurtoren Texel\" \/>\n<meta property=\"og:description\" content=\"Hier lesen Sie die am h\u00e4ufigsten gestellten Fragen \u00fcber die Corona-Ma\u00dfnahmen.\" \/>\n<meta property=\"og:url\" content=\"https:\/\/vuurtorentexel.nl\/de\/haeufig-gestellte-fragen\/\" \/>\n<meta property=\"og:site_name\" content=\"Vuurtoren Texel\" \/>\n<meta property=\"article:modified_time\" content=\"2022-02-24T16:04:41+00:00\" \/>\n<meta property=\"og:image\" content=\"https:\/\/vuurtorentexel.nl\/wp-content\/uploads\/2019\/08\/SDW_9652-1024x640.jpg\" \/>\n\t<meta property=\"og:image:width\" content=\"1024\" \/>\n\t<meta property=\"og:image:height\" content=\"640\" \/>\n\t<meta property=\"og:image:type\" content=\"image\/jpeg\" \/>\n<meta name=\"twitter:card\" content=\"summary_large_image\" \/>\n<meta name=\"twitter:label1\" content=\"Est. reading time\" \/>\n\t<meta name=\"twitter:data1\" content=\"2 minutes\" \/>\n<script type=\"application\/ld+json\" class=\"yoast-schema-graph\">{\"@context\":\"https:\\\/\\\/schema.org\",\"@graph\":[{\"@type\":\"WebPage\",\"@id\":\"https:\\\/\\\/vuurtorentexel.nl\\\/de\\\/haeufig-gestellte-fragen\\\/\",\"url\":\"https:\\\/\\\/vuurtorentexel.nl\\\/de\\\/haeufig-gestellte-fragen\\\/\",\"name\":\"H\u00e4ufig gestellte Fragen - Vuurtoren Texel\",\"isPartOf\":{\"@id\":\"https:\\\/\\\/vuurtorentexel.nl\\\/de\\\/#website\"},\"primaryImageOfPage\":{\"@id\":\"https:\\\/\\\/vuurtorentexel.nl\\\/de\\\/haeufig-gestellte-fragen\\\/#primaryimage\"},\"image\":{\"@id\":\"https:\\\/\\\/vuurtorentexel.nl\\\/de\\\/haeufig-gestellte-fragen\\\/#primaryimage\"},\"thumbnailUrl\":\"https:\\\/\\\/vuurtorentexel.nl\\\/wp-content\\\/uploads\\\/2019\\\/08\\\/SDW_9652-scaled.jpg\",\"datePublished\":\"2020-11-04T15:23:47+00:00\",\"dateModified\":\"2022-02-24T16:04:41+00:00\",\"description\":\"Hier lesen Sie die am h\u00e4ufigsten gestellten Fragen \u00fcber die Corona-Ma\u00dfnahmen.\",\"breadcrumb\":{\"@id\":\"https:\\\/\\\/vuurtorentexel.nl\\\/de\\\/haeufig-gestellte-fragen\\\/#breadcrumb\"},\"inLanguage\":\"de-DE\",\"potentialAction\":[{\"@type\":\"ReadAction\",\"target\":[\"https:\\\/\\\/vuurtorentexel.nl\\\/de\\\/haeufig-gestellte-fragen\\\/\"]}]},{\"@type\":\"ImageObject\",\"inLanguage\":\"de-DE\",\"@id\":\"https:\\\/\\\/vuurtorentexel.nl\\\/de\\\/haeufig-gestellte-fragen\\\/#primaryimage\",\"url\":\"https:\\\/\\\/vuurtorentexel.nl\\\/wp-content\\\/uploads\\\/2019\\\/08\\\/SDW_9652-scaled.jpg\",\"contentUrl\":\"https:\\\/\\\/vuurtorentexel.nl\\\/wp-content\\\/uploads\\\/2019\\\/08\\\/SDW_9652-scaled.jpg\",\"width\":2750,\"height\":1719},{\"@type\":\"BreadcrumbList\",\"@id\":\"https:\\\/\\\/vuurtorentexel.nl\\\/de\\\/haeufig-gestellte-fragen\\\/#breadcrumb\",\"itemListElement\":[{\"@type\":\"ListItem\",\"position\":1,\"name\":\"Home\",\"item\":\"https:\\\/\\\/vuurtorentexel.nl\\\/de\\\/\"},{\"@type\":\"ListItem\",\"position\":2,\"name\":\"H\u00e4ufig gestellte Fragen\"}]},{\"@type\":\"WebSite\",\"@id\":\"https:\\\/\\\/vuurtorentexel.nl\\\/de\\\/#website\",\"url\":\"https:\\\/\\\/vuurtorentexel.nl\\\/de\\\/\",\"name\":\"Vuurtoren Texel\",\"description\":\"\",\"potentialAction\":[{\"@type\":\"SearchAction\",\"target\":{\"@type\":\"EntryPoint\",\"urlTemplate\":\"https:\\\/\\\/vuurtorentexel.nl\\\/de\\\/?s={search_term_string}\"},\"query-input\":{\"@type\":\"PropertyValueSpecification\",\"valueRequired\":true,\"valueName\":\"search_term_string\"}}],\"inLanguage\":\"de-DE\"}]}<\/script>\n<!-- \/ Yoast SEO plugin. -->","yoast_head_json":{"title":"H\u00e4ufig gestellte Fragen - Vuurtoren Texel","description":"Hier lesen Sie die am h\u00e4ufigsten gestellten Fragen \u00fcber die Corona-Ma\u00dfnahmen.","robots":{"index":"index","follow":"follow","max-snippet":"max-snippet:-1","max-image-preview":"max-image-preview:large","max-video-preview":"max-video-preview:-1"},"canonical":"https:\/\/vuurtorentexel.nl\/de\/haeufig-gestellte-fragen\/","og_locale":"de_DE","og_type":"article","og_title":"H\u00e4ufig gestellte Fragen - Vuurtoren Texel","og_description":"Hier lesen Sie die am h\u00e4ufigsten gestellten Fragen \u00fcber die Corona-Ma\u00dfnahmen.","og_url":"https:\/\/vuurtorentexel.nl\/de\/haeufig-gestellte-fragen\/","og_site_name":"Vuurtoren Texel","article_modified_time":"2022-02-24T16:04:41+00:00","og_image":[{"width":1024,"height":640,"url":"https:\/\/vuurtorentexel.nl\/wp-content\/uploads\/2019\/08\/SDW_9652-1024x640.jpg","type":"image\/jpeg"}],"twitter_card":"summary_large_image","twitter_misc":{"Est. reading time":"2 minutes"},"schema":{"@context":"https:\/\/schema.org","@graph":[{"@type":"WebPage","@id":"https:\/\/vuurtorentexel.nl\/de\/haeufig-gestellte-fragen\/","url":"https:\/\/vuurtorentexel.nl\/de\/haeufig-gestellte-fragen\/","name":"H\u00e4ufig gestellte Fragen - Vuurtoren Texel","isPartOf":{"@id":"https:\/\/vuurtorentexel.nl\/de\/#website"},"primaryImageOfPage":{"@id":"https:\/\/vuurtorentexel.nl\/de\/haeufig-gestellte-fragen\/#primaryimage"},"image":{"@id":"https:\/\/vuurtorentexel.nl\/de\/haeufig-gestellte-fragen\/#primaryimage"},"thumbnailUrl":"https:\/\/vuurtorentexel.nl\/wp-content\/uploads\/2019\/08\/SDW_9652-scaled.jpg","datePublished":"2020-11-04T15:23:47+00:00","dateModified":"2022-02-24T16:04:41+00:00","description":"Hier lesen Sie die am h\u00e4ufigsten gestellten Fragen \u00fcber die Corona-Ma\u00dfnahmen.","breadcrumb":{"@id":"https:\/\/vuurtorentexel.nl\/de\/haeufig-gestellte-fragen\/#breadcrumb"},"inLanguage":"de-DE","potentialAction":[{"@type":"ReadAction","target":["https:\/\/vuurtorentexel.nl\/de\/haeufig-gestellte-fragen\/"]}]},{"@type":"ImageObject","inLanguage":"de-DE","@id":"https:\/\/vuurtorentexel.nl\/de\/haeufig-gestellte-fragen\/#primaryimage","url":"https:\/\/vuurtorentexel.nl\/wp-content\/uploads\/2019\/08\/SDW_9652-scaled.jpg","contentUrl":"https:\/\/vuurtorentexel.nl\/wp-content\/uploads\/2019\/08\/SDW_9652-scaled.jpg","width":2750,"height":1719},{"@type":"BreadcrumbList","@id":"https:\/\/vuurtorentexel.nl\/de\/haeufig-gestellte-fragen\/#breadcrumb","itemListElement":[{"@type":"ListItem","position":1,"name":"Home","item":"https:\/\/vuurtorentexel.nl\/de\/"},{"@type":"ListItem","position":2,"name":"H\u00e4ufig gestellte Fragen"}]},{"@type":"WebSite","@id":"https:\/\/vuurtorentexel.nl\/de\/#website","url":"https:\/\/vuurtorentexel.nl\/de\/","name":"Vuurtoren Texel","description":"","potentialAction":[{"@type":"SearchAction","target":{"@type":"EntryPoint","urlTemplate":"https:\/\/vuurtorentexel.nl\/de\/?s={search_term_string}"},"query-input":{"@type":"PropertyValueSpecification","valueRequired":true,"valueName":"search_term_string"}}],"inLanguage":"de-DE"}]}},"_links":{"self":[{"href":"https:\/\/vuurtorentexel.nl\/de\/wp-json\/wp\/v2\/pages\/1064","targetHints":{"allow":["GET"]}}],"collection":[{"href":"https:\/\/vuurtorentexel.nl\/de\/wp-json\/wp\/v2\/pages"}],"about":[{"href":"https:\/\/vuurtorentexel.nl\/de\/wp-json\/wp\/v2\/types\/page"}],"author":[{"embeddable":true,"href":"https:\/\/vuurtorentexel.nl\/de\/wp-json\/wp\/v2\/users\/12"}],"replies":[{"embeddable":true,"href":"https:\/\/vuurtorentexel.nl\/de\/wp-json\/wp\/v2\/comments?post=1064"}],"version-history":[{"count":3,"href":"https:\/\/vuurtorentexel.nl\/de\/wp-json\/wp\/v2\/pages\/1064\/revisions"}],"predecessor-version":[{"id":1330,"href":"https:\/\/vuurtorentexel.nl\/de\/wp-json\/wp\/v2\/pages\/1064\/revisions\/1330"}],"wp:featuredmedia":[{"embeddable":true,"href":"https:\/\/vuurtorentexel.nl\/de\/wp-json\/wp\/v2\/media\/904"}],"wp:attachment":[{"href":"https:\/\/vuurtorentexel.nl\/de\/wp-json\/wp\/v2\/media?parent=1064"}],"curies":[{"name":"wp","href":"https:\/\/api.w.org\/{rel}","templated":true}]}}