{"id":1540,"date":"2018-05-24T11:08:38","date_gmt":"2018-05-24T09:08:38","guid":{"rendered":"https:\/\/vuurtorentexel.nl\/informatie-over-cookies\/"},"modified":"2024-04-22T09:28:10","modified_gmt":"2024-04-22T07:28:10","slug":"informatie-over-cookies-niederlaendisch","status":"publish","type":"page","link":"https:\/\/vuurtorentexel.nl\/de\/informatie-over-cookies-niederlaendisch\/","title":{"rendered":"Informatie over cookies"},"content":{"rendered":"<h3>Welche Cookies werden gesetzt<\/h3>\n<p>Nachfolgend finden Sie eine \u00dcbersicht \u00fcber die gesetzten Cookies und die Zustimmung.<\/p>\n<p><script id=\"CookieDeclaration\" src=\"https:\/\/consent.cookiebot.com\/3a86a37c-6147-4297-9d3a-88fc99756065\/cd.js\" data-culture=\"de\" type=\"text\/javascript\" async><\/script><\/p>\n<h5>Schlussbemerkung<\/h5>\n<p>Wir werden diese Erkl\u00e4rung von Zeit zu Zeit \u00e4ndern m\u00fcssen, wenn sich beispielsweise unsere Website oder die Regeln f\u00fcr Cookies \u00e4ndern. Wir d\u00fcrfen den Inhalt der Erkl\u00e4rungen und die in den Listen aufgef\u00fchrten Cookies jederzeit und ohne Vorank\u00fcndigung \u00e4ndern. Wir empfehlen Ihnen, diese Webseite regelm\u00e4\u00dfig auf die neueste Version hin zu \u00fcberpr\u00fcfen, um festzustellen, ob Sie Ihre Zustimmung revidieren m\u00fcssen.<\/p>\n<p><strong>Datenschutz<\/strong><br \/>\nDie von Leuchtturm von Texel verarbeiteten personenbezogenen Daten unterliegen der <a href=\"https:\/\/vuurtorentexel.nl\/de\/privacyverklaring-niederlaendisch\/\">Datenschutzerkl\u00e4rung <\/a>von Leuchtturm von Texel.<\/p>\n","protected":false},"excerpt":{"rendered":"<p>Welche Cookies werden gesetzt Nachfolgend finden Sie eine \u00dcbersicht \u00fcber die gesetzten Cookies und die Zustimmung. Schlussbemerkung Wir werden diese Erkl\u00e4rung von Zeit zu Zeit&#8230;<\/p>\n","protected":false},"author":1,"featured_media":799,"parent":0,"menu_order":6,"comment_status":"closed","ping_status":"closed","template":"","meta":{"_acf_changed":false,"footnotes":""},"class_list":["post-1540","page","type-page","status-publish","has-post-thumbnail","hentry"],"acf":[],"yoast_head":"<!-- This site is optimized with the Yoast SEO plugin v27.3 - https:\/\/yoast.com\/product\/yoast-seo-wordpress\/ -->\n<title>Informatie over cookies - Vuurtoren Texel<\/title>\n<meta name=\"robots\" content=\"index, follow, max-snippet:-1, max-image-preview:large, max-video-preview:-1\" \/>\n<link rel=\"canonical\" href=\"https:\/\/vuurtorentexel.nl\/de\/informatie-over-cookies-niederlaendisch\/\" \/>\n<meta property=\"og:locale\" content=\"de_DE\" \/>\n<meta property=\"og:type\" content=\"article\" \/>\n<meta property=\"og:title\" content=\"Informatie over cookies - Vuurtoren Texel\" \/>\n<meta property=\"og:description\" content=\"Welche Cookies werden gesetzt Nachfolgend finden Sie eine \u00dcbersicht \u00fcber die gesetzten Cookies und die Zustimmung. Schlussbemerkung Wir werden diese Erkl\u00e4rung von Zeit zu Zeit...\" \/>\n<meta property=\"og:url\" content=\"https:\/\/vuurtorentexel.nl\/de\/informatie-over-cookies-niederlaendisch\/\" \/>\n<meta property=\"og:site_name\" content=\"Vuurtoren Texel\" \/>\n<meta property=\"article:modified_time\" content=\"2024-04-22T07:28:10+00:00\" \/>\n<meta property=\"og:image\" content=\"https:\/\/vuurtorentexel.nl\/wp-content\/uploads\/2017\/09\/vuurtoren-groengras-scaled.jpg\" \/>\n\t<meta property=\"og:image:width\" content=\"2750\" \/>\n\t<meta property=\"og:image:height\" content=\"1547\" \/>\n\t<meta property=\"og:image:type\" content=\"image\/jpeg\" \/>\n<meta name=\"twitter:card\" content=\"summary_large_image\" \/>\n<meta name=\"twitter:label1\" content=\"Est. reading time\" \/>\n\t<meta name=\"twitter:data1\" content=\"1 minute\" \/>\n<script type=\"application\/ld+json\" class=\"yoast-schema-graph\">{\"@context\":\"https:\\\/\\\/schema.org\",\"@graph\":[{\"@type\":\"WebPage\",\"@id\":\"https:\\\/\\\/vuurtorentexel.nl\\\/de\\\/informatie-over-cookies-niederlaendisch\\\/\",\"url\":\"https:\\\/\\\/vuurtorentexel.nl\\\/de\\\/informatie-over-cookies-niederlaendisch\\\/\",\"name\":\"Informatie over cookies - Vuurtoren Texel\",\"isPartOf\":{\"@id\":\"https:\\\/\\\/vuurtorentexel.nl\\\/de\\\/#website\"},\"primaryImageOfPage\":{\"@id\":\"https:\\\/\\\/vuurtorentexel.nl\\\/de\\\/informatie-over-cookies-niederlaendisch\\\/#primaryimage\"},\"image\":{\"@id\":\"https:\\\/\\\/vuurtorentexel.nl\\\/de\\\/informatie-over-cookies-niederlaendisch\\\/#primaryimage\"},\"thumbnailUrl\":\"https:\\\/\\\/vuurtorentexel.nl\\\/wp-content\\\/uploads\\\/2017\\\/09\\\/vuurtoren-groengras-scaled.jpg\",\"datePublished\":\"2018-05-24T09:08:38+00:00\",\"dateModified\":\"2024-04-22T07:28:10+00:00\",\"breadcrumb\":{\"@id\":\"https:\\\/\\\/vuurtorentexel.nl\\\/de\\\/informatie-over-cookies-niederlaendisch\\\/#breadcrumb\"},\"inLanguage\":\"de-DE\",\"potentialAction\":[{\"@type\":\"ReadAction\",\"target\":[\"https:\\\/\\\/vuurtorentexel.nl\\\/de\\\/informatie-over-cookies-niederlaendisch\\\/\"]}]},{\"@type\":\"ImageObject\",\"inLanguage\":\"de-DE\",\"@id\":\"https:\\\/\\\/vuurtorentexel.nl\\\/de\\\/informatie-over-cookies-niederlaendisch\\\/#primaryimage\",\"url\":\"https:\\\/\\\/vuurtorentexel.nl\\\/wp-content\\\/uploads\\\/2017\\\/09\\\/vuurtoren-groengras-scaled.jpg\",\"contentUrl\":\"https:\\\/\\\/vuurtorentexel.nl\\\/wp-content\\\/uploads\\\/2017\\\/09\\\/vuurtoren-groengras-scaled.jpg\",\"width\":2750,\"height\":1547},{\"@type\":\"BreadcrumbList\",\"@id\":\"https:\\\/\\\/vuurtorentexel.nl\\\/de\\\/informatie-over-cookies-niederlaendisch\\\/#breadcrumb\",\"itemListElement\":[{\"@type\":\"ListItem\",\"position\":1,\"name\":\"Home\",\"item\":\"https:\\\/\\\/vuurtorentexel.nl\\\/de\\\/\"},{\"@type\":\"ListItem\",\"position\":2,\"name\":\"Informatie over cookies\"}]},{\"@type\":\"WebSite\",\"@id\":\"https:\\\/\\\/vuurtorentexel.nl\\\/de\\\/#website\",\"url\":\"https:\\\/\\\/vuurtorentexel.nl\\\/de\\\/\",\"name\":\"Vuurtoren Texel\",\"description\":\"\",\"potentialAction\":[{\"@type\":\"SearchAction\",\"target\":{\"@type\":\"EntryPoint\",\"urlTemplate\":\"https:\\\/\\\/vuurtorentexel.nl\\\/de\\\/?s={search_term_string}\"},\"query-input\":{\"@type\":\"PropertyValueSpecification\",\"valueRequired\":true,\"valueName\":\"search_term_string\"}}],\"inLanguage\":\"de-DE\"}]}<\/script>\n<!-- \/ Yoast SEO plugin. -->","yoast_head_json":{"title":"Informatie over cookies - Vuurtoren Texel","robots":{"index":"index","follow":"follow","max-snippet":"max-snippet:-1","max-image-preview":"max-image-preview:large","max-video-preview":"max-video-preview:-1"},"canonical":"https:\/\/vuurtorentexel.nl\/de\/informatie-over-cookies-niederlaendisch\/","og_locale":"de_DE","og_type":"article","og_title":"Informatie over cookies - Vuurtoren Texel","og_description":"Welche Cookies werden gesetzt Nachfolgend finden Sie eine \u00dcbersicht \u00fcber die gesetzten Cookies und die Zustimmung. Schlussbemerkung Wir werden diese Erkl\u00e4rung von Zeit zu Zeit...","og_url":"https:\/\/vuurtorentexel.nl\/de\/informatie-over-cookies-niederlaendisch\/","og_site_name":"Vuurtoren Texel","article_modified_time":"2024-04-22T07:28:10+00:00","og_image":[{"width":2750,"height":1547,"url":"https:\/\/vuurtorentexel.nl\/wp-content\/uploads\/2017\/09\/vuurtoren-groengras-scaled.jpg","type":"image\/jpeg"}],"twitter_card":"summary_large_image","twitter_misc":{"Est. reading time":"1 minute"},"schema":{"@context":"https:\/\/schema.org","@graph":[{"@type":"WebPage","@id":"https:\/\/vuurtorentexel.nl\/de\/informatie-over-cookies-niederlaendisch\/","url":"https:\/\/vuurtorentexel.nl\/de\/informatie-over-cookies-niederlaendisch\/","name":"Informatie over cookies - Vuurtoren Texel","isPartOf":{"@id":"https:\/\/vuurtorentexel.nl\/de\/#website"},"primaryImageOfPage":{"@id":"https:\/\/vuurtorentexel.nl\/de\/informatie-over-cookies-niederlaendisch\/#primaryimage"},"image":{"@id":"https:\/\/vuurtorentexel.nl\/de\/informatie-over-cookies-niederlaendisch\/#primaryimage"},"thumbnailUrl":"https:\/\/vuurtorentexel.nl\/wp-content\/uploads\/2017\/09\/vuurtoren-groengras-scaled.jpg","datePublished":"2018-05-24T09:08:38+00:00","dateModified":"2024-04-22T07:28:10+00:00","breadcrumb":{"@id":"https:\/\/vuurtorentexel.nl\/de\/informatie-over-cookies-niederlaendisch\/#breadcrumb"},"inLanguage":"de-DE","potentialAction":[{"@type":"ReadAction","target":["https:\/\/vuurtorentexel.nl\/de\/informatie-over-cookies-niederlaendisch\/"]}]},{"@type":"ImageObject","inLanguage":"de-DE","@id":"https:\/\/vuurtorentexel.nl\/de\/informatie-over-cookies-niederlaendisch\/#primaryimage","url":"https:\/\/vuurtorentexel.nl\/wp-content\/uploads\/2017\/09\/vuurtoren-groengras-scaled.jpg","contentUrl":"https:\/\/vuurtorentexel.nl\/wp-content\/uploads\/2017\/09\/vuurtoren-groengras-scaled.jpg","width":2750,"height":1547},{"@type":"BreadcrumbList","@id":"https:\/\/vuurtorentexel.nl\/de\/informatie-over-cookies-niederlaendisch\/#breadcrumb","itemListElement":[{"@type":"ListItem","position":1,"name":"Home","item":"https:\/\/vuurtorentexel.nl\/de\/"},{"@type":"ListItem","position":2,"name":"Informatie over cookies"}]},{"@type":"WebSite","@id":"https:\/\/vuurtorentexel.nl\/de\/#website","url":"https:\/\/vuurtorentexel.nl\/de\/","name":"Vuurtoren Texel","description":"","potentialAction":[{"@type":"SearchAction","target":{"@type":"EntryPoint","urlTemplate":"https:\/\/vuurtorentexel.nl\/de\/?s={search_term_string}"},"query-input":{"@type":"PropertyValueSpecification","valueRequired":true,"valueName":"search_term_string"}}],"inLanguage":"de-DE"}]}},"_links":{"self":[{"href":"https:\/\/vuurtorentexel.nl\/de\/wp-json\/wp\/v2\/pages\/1540","targetHints":{"allow":["GET"]}}],"collection":[{"href":"https:\/\/vuurtorentexel.nl\/de\/wp-json\/wp\/v2\/pages"}],"about":[{"href":"https:\/\/vuurtorentexel.nl\/de\/wp-json\/wp\/v2\/types\/page"}],"author":[{"embeddable":true,"href":"https:\/\/vuurtorentexel.nl\/de\/wp-json\/wp\/v2\/users\/1"}],"replies":[{"embeddable":true,"href":"https:\/\/vuurtorentexel.nl\/de\/wp-json\/wp\/v2\/comments?post=1540"}],"version-history":[{"count":3,"href":"https:\/\/vuurtorentexel.nl\/de\/wp-json\/wp\/v2\/pages\/1540\/revisions"}],"predecessor-version":[{"id":1655,"href":"https:\/\/vuurtorentexel.nl\/de\/wp-json\/wp\/v2\/pages\/1540\/revisions\/1655"}],"wp:featuredmedia":[{"embeddable":true,"href":"https:\/\/vuurtorentexel.nl\/de\/wp-json\/wp\/v2\/media\/799"}],"wp:attachment":[{"href":"https:\/\/vuurtorentexel.nl\/de\/wp-json\/wp\/v2\/media?parent=1540"}],"curies":[{"name":"wp","href":"https:\/\/api.w.org\/{rel}","templated":true}]}}