{"id":191,"date":"2016-03-30T12:04:01","date_gmt":"2016-03-30T10:04:01","guid":{"rendered":"http:\/\/vuurtorent.web1.acc.raadhuis.com\/de\/vuurtoren-texel\/"},"modified":"2023-12-22T16:48:54","modified_gmt":"2023-12-22T15:48:54","slug":"de","status":"publish","type":"page","link":"https:\/\/vuurtorentexel.nl\/de\/","title":{"rendered":"Willkommen beim Leuchtturm von Texel"},"content":{"rendered":"<p>Gro\u00dfartig, du hast die Spitze erreicht. Jetzt kannst du die Aussicht in 47 Metern H\u00f6he genie\u00dfen. Wusstest du, dass der Leuchtturm von Texel der einzige Leuchtturm in den Niederlanden ist, der zu drei Seiten auf das Meer hinausschaut? Direkt am gef\u00e4hrlichsten Seegatt der Niederlande. Bei klarem Wetter schaut man \u00fcber das Weltnaturerbe Wattenmeer nach Vlieland, Wieringen, Den Helder &#8211; und mit etwas Phantasie \u00fcber die Nordsee nach England und zum Nordpol&#8230;<\/p>\n","protected":false},"excerpt":{"rendered":"<p>Gro\u00dfartig, du hast die Spitze erreicht. Jetzt kannst du die Aussicht in 47 Metern H\u00f6he genie\u00dfen. Wusstest du, dass der Leuchtturm von Texel der einzige&#8230;<\/p>\n","protected":false},"author":1,"featured_media":0,"parent":0,"menu_order":0,"comment_status":"closed","ping_status":"closed","template":"page-templates\/homepage.php","meta":{"_acf_changed":false,"footnotes":""},"class_list":["post-191","page","type-page","status-publish","hentry"],"acf":[],"yoast_head":"<!-- This site is optimized with the Yoast SEO plugin v27.3 - https:\/\/yoast.com\/product\/yoast-seo-wordpress\/ -->\n<title>Leuchtturm Texel. Wilkommen beim Leuchtturm auf Texel<\/title>\n<meta name=\"description\" content=\"Der Leuchtturm von Texel der einzige Leuchtturm in den Niederlanden ist, der zu drei Seiten auf das Meer hinausschaut. An der Nordsee und am Wattenmeer.\" \/>\n<meta name=\"robots\" content=\"index, follow, max-snippet:-1, max-image-preview:large, max-video-preview:-1\" \/>\n<link rel=\"canonical\" href=\"https:\/\/vuurtorentexel.nl\/de\/\" \/>\n<meta property=\"og:locale\" content=\"de_DE\" \/>\n<meta property=\"og:type\" content=\"article\" \/>\n<meta property=\"og:title\" content=\"Leuchtturm Texel. Wilkommen beim Leuchtturm auf Texel\" \/>\n<meta property=\"og:description\" content=\"Der Leuchtturm von Texel der einzige Leuchtturm in den Niederlanden ist, der zu drei Seiten auf das Meer hinausschaut. An der Nordsee und am Wattenmeer.\" \/>\n<meta property=\"og:url\" content=\"https:\/\/vuurtorentexel.nl\/de\/\" \/>\n<meta property=\"og:site_name\" content=\"Vuurtoren Texel\" \/>\n<meta property=\"article:modified_time\" content=\"2023-12-22T15:48:54+00:00\" \/>\n<meta name=\"twitter:card\" content=\"summary_large_image\" \/>\n<meta name=\"twitter:label1\" content=\"Est. reading time\" \/>\n\t<meta name=\"twitter:data1\" content=\"1 minute\" \/>\n<script type=\"application\/ld+json\" class=\"yoast-schema-graph\">{\"@context\":\"https:\\\/\\\/schema.org\",\"@graph\":[{\"@type\":\"WebPage\",\"@id\":\"https:\\\/\\\/vuurtorentexel.nl\\\/de\\\/\",\"url\":\"https:\\\/\\\/vuurtorentexel.nl\\\/de\\\/\",\"name\":\"Leuchtturm Texel. Wilkommen beim Leuchtturm auf Texel\",\"isPartOf\":{\"@id\":\"https:\\\/\\\/vuurtorentexel.nl\\\/de\\\/#website\"},\"datePublished\":\"2016-03-30T10:04:01+00:00\",\"dateModified\":\"2023-12-22T15:48:54+00:00\",\"description\":\"Der Leuchtturm von Texel der einzige Leuchtturm in den Niederlanden ist, der zu drei Seiten auf das Meer hinausschaut. An der Nordsee und am Wattenmeer.\",\"breadcrumb\":{\"@id\":\"https:\\\/\\\/vuurtorentexel.nl\\\/de\\\/#breadcrumb\"},\"inLanguage\":\"de-DE\",\"potentialAction\":[{\"@type\":\"ReadAction\",\"target\":[\"https:\\\/\\\/vuurtorentexel.nl\\\/de\\\/\"]}]},{\"@type\":\"BreadcrumbList\",\"@id\":\"https:\\\/\\\/vuurtorentexel.nl\\\/de\\\/#breadcrumb\",\"itemListElement\":[{\"@type\":\"ListItem\",\"position\":1,\"name\":\"Home\",\"item\":\"https:\\\/\\\/vuurtorentexel.nl\\\/de\\\/\"},{\"@type\":\"ListItem\",\"position\":2,\"name\":\"Willkommen beim Leuchtturm von Texel\"}]},{\"@type\":\"WebSite\",\"@id\":\"https:\\\/\\\/vuurtorentexel.nl\\\/de\\\/#website\",\"url\":\"https:\\\/\\\/vuurtorentexel.nl\\\/de\\\/\",\"name\":\"Vuurtoren Texel\",\"description\":\"\",\"potentialAction\":[{\"@type\":\"SearchAction\",\"target\":{\"@type\":\"EntryPoint\",\"urlTemplate\":\"https:\\\/\\\/vuurtorentexel.nl\\\/de\\\/?s={search_term_string}\"},\"query-input\":{\"@type\":\"PropertyValueSpecification\",\"valueRequired\":true,\"valueName\":\"search_term_string\"}}],\"inLanguage\":\"de-DE\"}]}<\/script>\n<!-- \/ Yoast SEO plugin. -->","yoast_head_json":{"title":"Leuchtturm Texel. Wilkommen beim Leuchtturm auf Texel","description":"Der Leuchtturm von Texel der einzige Leuchtturm in den Niederlanden ist, der zu drei Seiten auf das Meer hinausschaut. An der Nordsee und am Wattenmeer.","robots":{"index":"index","follow":"follow","max-snippet":"max-snippet:-1","max-image-preview":"max-image-preview:large","max-video-preview":"max-video-preview:-1"},"canonical":"https:\/\/vuurtorentexel.nl\/de\/","og_locale":"de_DE","og_type":"article","og_title":"Leuchtturm Texel. Wilkommen beim Leuchtturm auf Texel","og_description":"Der Leuchtturm von Texel der einzige Leuchtturm in den Niederlanden ist, der zu drei Seiten auf das Meer hinausschaut. An der Nordsee und am Wattenmeer.","og_url":"https:\/\/vuurtorentexel.nl\/de\/","og_site_name":"Vuurtoren Texel","article_modified_time":"2023-12-22T15:48:54+00:00","twitter_card":"summary_large_image","twitter_misc":{"Est. reading time":"1 minute"},"schema":{"@context":"https:\/\/schema.org","@graph":[{"@type":"WebPage","@id":"https:\/\/vuurtorentexel.nl\/de\/","url":"https:\/\/vuurtorentexel.nl\/de\/","name":"Leuchtturm Texel. Wilkommen beim Leuchtturm auf Texel","isPartOf":{"@id":"https:\/\/vuurtorentexel.nl\/de\/#website"},"datePublished":"2016-03-30T10:04:01+00:00","dateModified":"2023-12-22T15:48:54+00:00","description":"Der Leuchtturm von Texel der einzige Leuchtturm in den Niederlanden ist, der zu drei Seiten auf das Meer hinausschaut. An der Nordsee und am Wattenmeer.","breadcrumb":{"@id":"https:\/\/vuurtorentexel.nl\/de\/#breadcrumb"},"inLanguage":"de-DE","potentialAction":[{"@type":"ReadAction","target":["https:\/\/vuurtorentexel.nl\/de\/"]}]},{"@type":"BreadcrumbList","@id":"https:\/\/vuurtorentexel.nl\/de\/#breadcrumb","itemListElement":[{"@type":"ListItem","position":1,"name":"Home","item":"https:\/\/vuurtorentexel.nl\/de\/"},{"@type":"ListItem","position":2,"name":"Willkommen beim Leuchtturm von Texel"}]},{"@type":"WebSite","@id":"https:\/\/vuurtorentexel.nl\/de\/#website","url":"https:\/\/vuurtorentexel.nl\/de\/","name":"Vuurtoren Texel","description":"","potentialAction":[{"@type":"SearchAction","target":{"@type":"EntryPoint","urlTemplate":"https:\/\/vuurtorentexel.nl\/de\/?s={search_term_string}"},"query-input":{"@type":"PropertyValueSpecification","valueRequired":true,"valueName":"search_term_string"}}],"inLanguage":"de-DE"}]}},"_links":{"self":[{"href":"https:\/\/vuurtorentexel.nl\/de\/wp-json\/wp\/v2\/pages\/191","targetHints":{"allow":["GET"]}}],"collection":[{"href":"https:\/\/vuurtorentexel.nl\/de\/wp-json\/wp\/v2\/pages"}],"about":[{"href":"https:\/\/vuurtorentexel.nl\/de\/wp-json\/wp\/v2\/types\/page"}],"author":[{"embeddable":true,"href":"https:\/\/vuurtorentexel.nl\/de\/wp-json\/wp\/v2\/users\/1"}],"replies":[{"embeddable":true,"href":"https:\/\/vuurtorentexel.nl\/de\/wp-json\/wp\/v2\/comments?post=191"}],"version-history":[{"count":3,"href":"https:\/\/vuurtorentexel.nl\/de\/wp-json\/wp\/v2\/pages\/191\/revisions"}],"predecessor-version":[{"id":1624,"href":"https:\/\/vuurtorentexel.nl\/de\/wp-json\/wp\/v2\/pages\/191\/revisions\/1624"}],"wp:attachment":[{"href":"https:\/\/vuurtorentexel.nl\/de\/wp-json\/wp\/v2\/media?parent=191"}],"curies":[{"name":"wp","href":"https:\/\/api.w.org\/{rel}","templated":true}]}}