{"id":199,"date":"2016-03-31T12:16:06","date_gmt":"2016-03-31T10:16:06","guid":{"rendered":"http:\/\/vuurtorent.web1.acc.raadhuis.com\/de\/toegankelijkheid\/"},"modified":"2025-05-15T15:27:47","modified_gmt":"2025-05-15T13:27:47","slug":"toegankelijkheid","status":"publish","type":"page","link":"https:\/\/vuurtorentexel.nl\/de\/toegankelijkheid\/","title":{"rendered":"Zug\u00e4nglichkeit"},"content":{"rendered":"<p>\u00dcber eine Wendeltreppe besteigt man die sechs Etagen des Leuchtturmes. Das ist schon ein Erlebnis f\u00fcr sich.<\/p>\n<ul>\n<li>F\u00fcr Ihren Besuch ben\u00f6tigen Sie ein\u00a0<a href=\"https:\/\/texelsmuseum.combiv2.ticketcounter.eu\/de-DE\/tickets?journey=vuurtoren\" target=\"_blank\" rel=\"noopener\">Online-Ticket mit Zeitfenster<\/a>.<\/li>\n<li>Das Ersteigen der Treppen erfordert schon eine redliche Kondition, es gibt keinen Fahrstuhl.<\/li>\n<li>Buggys und Babytragen k\u00f6nnen nicht mit in den Leuchtturm genommen werden.<\/li>\n<li>Hunde sind im Leuchtturm nicht erlaubt.<\/li>\n<li>Festes Schuhwerk ist empfohlen; keine Flip Flops oder Badeschuhe.<\/li>\n<\/ul>\n<p>Schauen Sie sich auch <a href=\"https:\/\/vuurtorentexel.nl\/de\/haeufig-gestellte-fragen\/\">die h\u00e4ufig gestellte Fragen<\/a> und <a href=\"https:\/\/vuurtorentexel.nl\/de\/hausregeln-leuchtturm-von-texel\/\">Hausregeln<\/a> an.<\/p>\n","protected":false},"excerpt":{"rendered":"<p>\u00dcber eine Wendeltreppe besteigt man die sechs Etagen des Leuchtturmes. Das ist schon ein Erlebnis f\u00fcr sich. F\u00fcr Ihren Besuch ben\u00f6tigen Sie ein\u00a0Online-Ticket mit Zeitfenster&#8230;.<\/p>\n","protected":false},"author":1,"featured_media":284,"parent":0,"menu_order":2,"comment_status":"closed","ping_status":"closed","template":"","meta":{"_acf_changed":false,"footnotes":""},"class_list":["post-199","page","type-page","status-publish","has-post-thumbnail","hentry"],"acf":[],"yoast_head":"<!-- This site is optimized with the Yoast SEO plugin v27.3 - https:\/\/yoast.com\/product\/yoast-seo-wordpress\/ -->\n<title>Zug\u00e4nglichkeit - Vuurtoren Texel<\/title>\n<meta name=\"robots\" content=\"index, follow, max-snippet:-1, max-image-preview:large, max-video-preview:-1\" \/>\n<link rel=\"canonical\" href=\"https:\/\/vuurtorentexel.nl\/de\/toegankelijkheid\/\" \/>\n<meta property=\"og:locale\" content=\"de_DE\" \/>\n<meta property=\"og:type\" content=\"article\" \/>\n<meta property=\"og:title\" content=\"Zug\u00e4nglichkeit - Vuurtoren Texel\" \/>\n<meta property=\"og:description\" content=\"\u00dcber eine Wendeltreppe besteigt man die sechs Etagen des Leuchtturmes. Das ist schon ein Erlebnis f\u00fcr sich. F\u00fcr Ihren Besuch ben\u00f6tigen Sie ein\u00a0Online-Ticket mit Zeitfenster....\" \/>\n<meta property=\"og:url\" content=\"https:\/\/vuurtorentexel.nl\/de\/toegankelijkheid\/\" \/>\n<meta property=\"og:site_name\" content=\"Vuurtoren Texel\" \/>\n<meta property=\"article:modified_time\" content=\"2025-05-15T13:27:47+00:00\" \/>\n<meta property=\"og:image\" content=\"https:\/\/vuurtorentexel.nl\/wp-content\/uploads\/2016\/03\/noord-scaled.jpg\" \/>\n\t<meta property=\"og:image:width\" content=\"2750\" \/>\n\t<meta property=\"og:image:height\" content=\"1698\" \/>\n\t<meta property=\"og:image:type\" content=\"image\/jpeg\" \/>\n<meta name=\"twitter:card\" content=\"summary_large_image\" \/>\n<meta name=\"twitter:label1\" content=\"Est. reading time\" \/>\n\t<meta name=\"twitter:data1\" content=\"1 minute\" \/>\n<script type=\"application\/ld+json\" class=\"yoast-schema-graph\">{\"@context\":\"https:\\\/\\\/schema.org\",\"@graph\":[{\"@type\":\"WebPage\",\"@id\":\"https:\\\/\\\/vuurtorentexel.nl\\\/de\\\/toegankelijkheid\\\/\",\"url\":\"https:\\\/\\\/vuurtorentexel.nl\\\/de\\\/toegankelijkheid\\\/\",\"name\":\"Zug\u00e4nglichkeit - Vuurtoren Texel\",\"isPartOf\":{\"@id\":\"https:\\\/\\\/vuurtorentexel.nl\\\/de\\\/#website\"},\"primaryImageOfPage\":{\"@id\":\"https:\\\/\\\/vuurtorentexel.nl\\\/de\\\/toegankelijkheid\\\/#primaryimage\"},\"image\":{\"@id\":\"https:\\\/\\\/vuurtorentexel.nl\\\/de\\\/toegankelijkheid\\\/#primaryimage\"},\"thumbnailUrl\":\"https:\\\/\\\/vuurtorentexel.nl\\\/wp-content\\\/uploads\\\/2016\\\/03\\\/noord-scaled.jpg\",\"datePublished\":\"2016-03-31T10:16:06+00:00\",\"dateModified\":\"2025-05-15T13:27:47+00:00\",\"breadcrumb\":{\"@id\":\"https:\\\/\\\/vuurtorentexel.nl\\\/de\\\/toegankelijkheid\\\/#breadcrumb\"},\"inLanguage\":\"de-DE\",\"potentialAction\":[{\"@type\":\"ReadAction\",\"target\":[\"https:\\\/\\\/vuurtorentexel.nl\\\/de\\\/toegankelijkheid\\\/\"]}]},{\"@type\":\"ImageObject\",\"inLanguage\":\"de-DE\",\"@id\":\"https:\\\/\\\/vuurtorentexel.nl\\\/de\\\/toegankelijkheid\\\/#primaryimage\",\"url\":\"https:\\\/\\\/vuurtorentexel.nl\\\/wp-content\\\/uploads\\\/2016\\\/03\\\/noord-scaled.jpg\",\"contentUrl\":\"https:\\\/\\\/vuurtorentexel.nl\\\/wp-content\\\/uploads\\\/2016\\\/03\\\/noord-scaled.jpg\",\"width\":2750,\"height\":1698,\"caption\":\"Uitzicht naar het noorden. Aan de overkant van het Eierlandse Gat ligt de Vliehors, natuurgebied en militair oefenterrein.\"},{\"@type\":\"BreadcrumbList\",\"@id\":\"https:\\\/\\\/vuurtorentexel.nl\\\/de\\\/toegankelijkheid\\\/#breadcrumb\",\"itemListElement\":[{\"@type\":\"ListItem\",\"position\":1,\"name\":\"Home\",\"item\":\"https:\\\/\\\/vuurtorentexel.nl\\\/de\\\/\"},{\"@type\":\"ListItem\",\"position\":2,\"name\":\"Zug\u00e4nglichkeit\"}]},{\"@type\":\"WebSite\",\"@id\":\"https:\\\/\\\/vuurtorentexel.nl\\\/de\\\/#website\",\"url\":\"https:\\\/\\\/vuurtorentexel.nl\\\/de\\\/\",\"name\":\"Vuurtoren Texel\",\"description\":\"\",\"potentialAction\":[{\"@type\":\"SearchAction\",\"target\":{\"@type\":\"EntryPoint\",\"urlTemplate\":\"https:\\\/\\\/vuurtorentexel.nl\\\/de\\\/?s={search_term_string}\"},\"query-input\":{\"@type\":\"PropertyValueSpecification\",\"valueRequired\":true,\"valueName\":\"search_term_string\"}}],\"inLanguage\":\"de-DE\"}]}<\/script>\n<!-- \/ Yoast SEO plugin. -->","yoast_head_json":{"title":"Zug\u00e4nglichkeit - Vuurtoren Texel","robots":{"index":"index","follow":"follow","max-snippet":"max-snippet:-1","max-image-preview":"max-image-preview:large","max-video-preview":"max-video-preview:-1"},"canonical":"https:\/\/vuurtorentexel.nl\/de\/toegankelijkheid\/","og_locale":"de_DE","og_type":"article","og_title":"Zug\u00e4nglichkeit - Vuurtoren Texel","og_description":"\u00dcber eine Wendeltreppe besteigt man die sechs Etagen des Leuchtturmes. Das ist schon ein Erlebnis f\u00fcr sich. F\u00fcr Ihren Besuch ben\u00f6tigen Sie ein\u00a0Online-Ticket mit Zeitfenster....","og_url":"https:\/\/vuurtorentexel.nl\/de\/toegankelijkheid\/","og_site_name":"Vuurtoren Texel","article_modified_time":"2025-05-15T13:27:47+00:00","og_image":[{"width":2750,"height":1698,"url":"https:\/\/vuurtorentexel.nl\/wp-content\/uploads\/2016\/03\/noord-scaled.jpg","type":"image\/jpeg"}],"twitter_card":"summary_large_image","twitter_misc":{"Est. reading time":"1 minute"},"schema":{"@context":"https:\/\/schema.org","@graph":[{"@type":"WebPage","@id":"https:\/\/vuurtorentexel.nl\/de\/toegankelijkheid\/","url":"https:\/\/vuurtorentexel.nl\/de\/toegankelijkheid\/","name":"Zug\u00e4nglichkeit - Vuurtoren Texel","isPartOf":{"@id":"https:\/\/vuurtorentexel.nl\/de\/#website"},"primaryImageOfPage":{"@id":"https:\/\/vuurtorentexel.nl\/de\/toegankelijkheid\/#primaryimage"},"image":{"@id":"https:\/\/vuurtorentexel.nl\/de\/toegankelijkheid\/#primaryimage"},"thumbnailUrl":"https:\/\/vuurtorentexel.nl\/wp-content\/uploads\/2016\/03\/noord-scaled.jpg","datePublished":"2016-03-31T10:16:06+00:00","dateModified":"2025-05-15T13:27:47+00:00","breadcrumb":{"@id":"https:\/\/vuurtorentexel.nl\/de\/toegankelijkheid\/#breadcrumb"},"inLanguage":"de-DE","potentialAction":[{"@type":"ReadAction","target":["https:\/\/vuurtorentexel.nl\/de\/toegankelijkheid\/"]}]},{"@type":"ImageObject","inLanguage":"de-DE","@id":"https:\/\/vuurtorentexel.nl\/de\/toegankelijkheid\/#primaryimage","url":"https:\/\/vuurtorentexel.nl\/wp-content\/uploads\/2016\/03\/noord-scaled.jpg","contentUrl":"https:\/\/vuurtorentexel.nl\/wp-content\/uploads\/2016\/03\/noord-scaled.jpg","width":2750,"height":1698,"caption":"Uitzicht naar het noorden. Aan de overkant van het Eierlandse Gat ligt de Vliehors, natuurgebied en militair oefenterrein."},{"@type":"BreadcrumbList","@id":"https:\/\/vuurtorentexel.nl\/de\/toegankelijkheid\/#breadcrumb","itemListElement":[{"@type":"ListItem","position":1,"name":"Home","item":"https:\/\/vuurtorentexel.nl\/de\/"},{"@type":"ListItem","position":2,"name":"Zug\u00e4nglichkeit"}]},{"@type":"WebSite","@id":"https:\/\/vuurtorentexel.nl\/de\/#website","url":"https:\/\/vuurtorentexel.nl\/de\/","name":"Vuurtoren Texel","description":"","potentialAction":[{"@type":"SearchAction","target":{"@type":"EntryPoint","urlTemplate":"https:\/\/vuurtorentexel.nl\/de\/?s={search_term_string}"},"query-input":{"@type":"PropertyValueSpecification","valueRequired":true,"valueName":"search_term_string"}}],"inLanguage":"de-DE"}]}},"_links":{"self":[{"href":"https:\/\/vuurtorentexel.nl\/de\/wp-json\/wp\/v2\/pages\/199","targetHints":{"allow":["GET"]}}],"collection":[{"href":"https:\/\/vuurtorentexel.nl\/de\/wp-json\/wp\/v2\/pages"}],"about":[{"href":"https:\/\/vuurtorentexel.nl\/de\/wp-json\/wp\/v2\/types\/page"}],"author":[{"embeddable":true,"href":"https:\/\/vuurtorentexel.nl\/de\/wp-json\/wp\/v2\/users\/1"}],"replies":[{"embeddable":true,"href":"https:\/\/vuurtorentexel.nl\/de\/wp-json\/wp\/v2\/comments?post=199"}],"version-history":[{"count":4,"href":"https:\/\/vuurtorentexel.nl\/de\/wp-json\/wp\/v2\/pages\/199\/revisions"}],"predecessor-version":[{"id":1830,"href":"https:\/\/vuurtorentexel.nl\/de\/wp-json\/wp\/v2\/pages\/199\/revisions\/1830"}],"wp:featuredmedia":[{"embeddable":true,"href":"https:\/\/vuurtorentexel.nl\/de\/wp-json\/wp\/v2\/media\/284"}],"wp:attachment":[{"href":"https:\/\/vuurtorentexel.nl\/de\/wp-json\/wp\/v2\/media?parent=199"}],"curies":[{"name":"wp","href":"https:\/\/api.w.org\/{rel}","templated":true}]}}